{"id":25,"date":"2014-10-24T16:57:35","date_gmt":"2014-10-24T14:57:35","guid":{"rendered":"http:\/\/kg-frankfurt.gdpbundespolizeikoblenz.de\/?page_id=25"},"modified":"2014-10-24T16:57:59","modified_gmt":"2014-10-24T14:57:59","slug":"rechtschutz","status":"publish","type":"page","link":"https:\/\/kg-frankfurt.gdpbundespolizeikoblenz.de\/?page_id=25","title":{"rendered":"Rechtschutz"},"content":{"rendered":"<p class=\"storycontent\">Die Praxis zeigt es immer wieder: Rechtsschutzverfahren sind im Polizeiberuf alles andere als selten und zudem oftmals teuer. Da kommen ganz leicht etliche tausend Euro zusammen. Als GdP-Mitglied genie\u00dfen Sie mit Recht besondere Sicherheit. Denn die GdP bietet Ihnen umfassenden Rechtsschutz bei arbeits- und dienstrechtlichen Streitigkeiten. Die GdP-Kreisgruppen und der GdP-Bezirk Bundespolizei erteilen jederzeit Ausk\u00fcnfte. Sie k\u00f6nnen schriftlich Anfragen einreichen oder auch nach Terminvereinbarung pers\u00f6nlich vorsprechen.<\/p>\n<p><strong>Wie bekommt ein GdP-Mitglied Rechtsschutz?<\/strong><\/p>\n<p>Sofern Sie GdP-Rechtsschutz ben\u00f6tigen, wenden Sie sich zuerst an Ihre GdP-Kreisgruppe. Dort werden die erforderlichen Dinge f\u00fcr Sie geregelt. Es wird ein Rechtsschutzantrag aufgesetzt, welcher von der Rechtsschutzkommission des Bezirk Bundespolizei bearbeitet wird. Bei Eilsachen wird sofort entschieden.<\/p>\n<p>Im folgenden geben wir eine \u00dcbersicht \u00fcber m\u00f6gliche Verfahren:<\/p>\n<p>* Verwaltungsstreitverfahren<\/p>\n<p>Rechtsstreitigkeiten aus dem Beamtenverh\u00e4ltnis, z.B. bei Entlassungen, Anfechtung von Beurteilungen, Versetzungen, Regressanspr\u00fcchen, Reise und Umzugskostenfestsetzungen etc.<\/p>\n<p>* Strafverfahren<\/p>\n<p>Die fr\u00fchzeitige Unterrichtung der GdP schon im Ermittlungsverfahren ist zur Vermeidung von Nachteilen unbedingt erforderlich.<\/p>\n<p>* Sozialgerichtsverfahren<\/p>\n<p>Z.B. bei Streitigkeiten aus der Sozial- und Arbeitslosenversicherung. Anerkennung als Schwerbehinderter.<\/p>\n<p>* Disziplinarverfahren<\/p>\n<p>Auch hier ist besonders wichtig, fr\u00fchzeitig durch einen Verteidiger beraten zu werden.<\/p>\n<p>* Arbeitsgerichtsverfahren<\/p>\n<p>Z.B. bei H\u00f6hergruppierung in andere Lohn- und Verg\u00fctungsgruppen, Urlaubsanspr\u00fcche, K\u00fcndigung u.m. (Arbeiter und Angestellte).<\/p>\n<p>* Zivilgerichtsverfahren<\/p>\n<p>Z.B. Durchsetzung von Schadenersatzforderungen, bei Sch\u00e4den, die im Dienst eingetreten sind oder bei Verkehrsunf\u00e4llen, die sich bei Fahrten zum oder vom Dienst ereignen.<\/p>\n<p>* Finanzgerichtsverfahren<\/p>\n<p>Z.B. bei einer Weigerung der Finanzbeh\u00f6rde, im Jahresausgleichverfahren besondere berufsbedingte Mehrkosten anzuerkennen.<\/p>\n<p>F\u00fcr alle Rechtsschutzahngelegenheiten gelten die Rechtsschutzordnung der GdP mit den Zus\u00e4tzen des Bezirk Bundespolizei<\/p>\n","protected":false},"excerpt":{"rendered":"<p>Die Praxis zeigt es immer wieder: Rechtsschutzverfahren sind im Polizeiberuf alles andere als selten und zudem oftmals teuer. Da kommen ganz leicht etliche tausend Euro zusammen. Als GdP-Mitglied genie\u00dfen Sie mit Recht besondere Sicherheit. Denn die GdP bietet Ihnen umfassenden Rechtsschutz bei arbeits- und dienstrechtlichen Streitigkeiten. Die GdP-Kreisgruppen und der <a class=\"more-link\" href=\"https:\/\/kg-frankfurt.gdpbundespolizeikoblenz.de\/?page_id=25\">Continue Reading<span class=\"screen-reader-text\">Rechtschutz<\/span><span class=\"meta-nav\">&rarr;<\/span><\/a><\/p>\n","protected":false},"author":1,"featured_media":0,"parent":0,"menu_order":3,"comment_status":"open","ping_status":"open","template":"","meta":{"footnotes":""},"class_list":["post-25","page","type-page","status-publish","hentry"],"_links":{"self":[{"href":"https:\/\/kg-frankfurt.gdpbundespolizeikoblenz.de\/index.php?rest_route=\/wp\/v2\/pages\/25","targetHints":{"allow":["GET"]}}],"collection":[{"href":"https:\/\/kg-frankfurt.gdpbundespolizeikoblenz.de\/index.php?rest_route=\/wp\/v2\/pages"}],"about":[{"href":"https:\/\/kg-frankfurt.gdpbundespolizeikoblenz.de\/index.php?rest_route=\/wp\/v2\/types\/page"}],"author":[{"embeddable":true,"href":"https:\/\/kg-frankfurt.gdpbundespolizeikoblenz.de\/index.php?rest_route=\/wp\/v2\/users\/1"}],"replies":[{"embeddable":true,"href":"https:\/\/kg-frankfurt.gdpbundespolizeikoblenz.de\/index.php?rest_route=%2Fwp%2Fv2%2Fcomments&post=25"}],"version-history":[{"count":0,"href":"https:\/\/kg-frankfurt.gdpbundespolizeikoblenz.de\/index.php?rest_route=\/wp\/v2\/pages\/25\/revisions"}],"wp:attachment":[{"href":"https:\/\/kg-frankfurt.gdpbundespolizeikoblenz.de\/index.php?rest_route=%2Fwp%2Fv2%2Fmedia&parent=25"}],"curies":[{"name":"wp","href":"https:\/\/api.w.org\/{rel}","templated":true}]}}